{"id":1312,"date":"2021-11-15T15:18:17","date_gmt":"2021-11-15T14:18:17","guid":{"rendered":"https:\/\/louyogapilates.re\/?page_id=1312"},"modified":"2026-04-14T11:59:20","modified_gmt":"2026-04-14T09:59:20","slug":"planning","status":"publish","type":"page","link":"https:\/\/louyogapilates.re\/?page_id=1312","title":{"rendered":"Planning"},"content":{"rendered":"\t\t<div data-elementor-type=\"wp-page\" data-elementor-id=\"1312\" class=\"elementor elementor-1312\">\n\t\t\t\t\t\t<section class=\"elementor-section elementor-top-section elementor-element elementor-element-3bb7af5 elementor-section-boxed elementor-section-height-default elementor-section-height-default\" data-id=\"3bb7af5\" data-element_type=\"section\" data-e-type=\"section\">\n\t\t\t\t\t\t<div class=\"elementor-container elementor-column-gap-default\">\n\t\t\t\t\t<div class=\"elementor-column elementor-col-100 elementor-top-column elementor-element elementor-element-7e95e5a\" data-id=\"7e95e5a\" data-element_type=\"column\" data-e-type=\"column\">\n\t\t\t<div class=\"elementor-widget-wrap elementor-element-populated\">\n\t\t\t\t\t\t<div class=\"elementor-element elementor-element-e12ecb2 elementor-widget elementor-widget-heading\" data-id=\"e12ecb2\" data-element_type=\"widget\" data-e-type=\"widget\" data-widget_type=\"heading.default\">\n\t\t\t\t<div class=\"elementor-widget-container\">\n\t\t\t\t\t<h2 class=\"elementor-heading-title elementor-size-default\">T\u00e9l\u00e9chargez l\u2019appli Lou Yoga et Pilates sur votre t\u00e9l\u00e9phone et r\u00e9servez vos cours<\/h2>\t\t\t\t<\/div>\n\t\t\t\t<\/div>\n\t\t\t\t\t<\/div>\n\t\t<\/div>\n\t\t\t\t\t<\/div>\n\t\t<\/section>\n\t\t\t\t<section class=\"elementor-section elementor-top-section elementor-element elementor-element-e30cfa7 elementor-section-boxed elementor-section-height-default elementor-section-height-default\" data-id=\"e30cfa7\" data-element_type=\"section\" data-e-type=\"section\">\n\t\t\t\t\t\t<div class=\"elementor-container elementor-column-gap-default\">\n\t\t\t\t\t<div class=\"elementor-column elementor-col-100 elementor-top-column elementor-element elementor-element-5d28a2b\" data-id=\"5d28a2b\" data-element_type=\"column\" data-e-type=\"column\">\n\t\t\t<div class=\"elementor-widget-wrap elementor-element-populated\">\n\t\t\t\t\t\t<div class=\"elementor-element elementor-element-f3f6748 elementor-widget elementor-widget-html\" data-id=\"f3f6748\" data-element_type=\"widget\" data-e-type=\"widget\" data-widget_type=\"html.default\">\n\t\t\t\t<div class=\"elementor-widget-container\">\n\t\t\t\t\t<script id=\"insert-bsport-widget-cdn\">!function (b, s, p, o, r, t) { !typeof window.BsportWidget !== \"undefined\" && !document.getElementById(\"bsport-widget-cdn\") && !function () { m = b.createElement(s), m.id = \"bsport-widget-cdn\", m.src = p, b.getElementsByTagName(\"head\")[0].appendChild(m) }() }(document, \"script\", \"https:\/\/cdn.bsport.io\/scripts\/widget.js\")<\/script>\n    <script id=\"bsport-widget-mount\">\n        function MountBsportWidget(config, repeat=1) {\n            if (repeat > 50) { return }\n            if (!window.BsportWidget) {\n                return setTimeout(() => {\n                    MountBsportWidget(config,repeat+1)\n                }, 100 * repeat || 1)\n            }\n            BsportWidget.mount(config)\n        }\n    <\/script>\n    <script>\n        MountBsportWidget({\n                \"parentElement\": \"bsport-widget-787436\",\n                \"companyId\": 1785,\n                \"franchiseId\": null,\n                \"dialogMode\": 1,\n                \"widgetType\": \"calendar\", \n                \"showFab\": true,\n                \"fullScreenPopup\": false,\n                \"styles\":undefined,\n                \"config\": {\n                    \"calendar\": {}\n                }  \n            })\n    <\/script>\n<div><div id=\"bsport-widget-787436\"\/><\/div>\t\t\t\t<\/div>\n\t\t\t\t<\/div>\n\t\t\t\t\t<\/div>\n\t\t<\/div>\n\t\t\t\t\t<\/div>\n\t\t<\/section>\n\t\t\t\t<\/div>\n\t\t","protected":false},"excerpt":{"rendered":"<p>T\u00e9l\u00e9chargez l\u2019appli Lou Yoga et Pilates sur votre t\u00e9l\u00e9phone et r\u00e9servez vos cours<\/p>\n","protected":false},"author":1,"featured_media":0,"parent":0,"menu_order":0,"comment_status":"closed","ping_status":"closed","template":"","meta":{"ocean_post_layout":"full-width","ocean_both_sidebars_style":"","ocean_both_sidebars_content_width":0,"ocean_both_sidebars_sidebars_width":0,"ocean_sidebar":"0","ocean_second_sidebar":"0","ocean_disable_margins":"enable","ocean_add_body_class":"","ocean_shortcode_before_top_bar":"","ocean_shortcode_after_top_bar":"","ocean_shortcode_before_header":"","ocean_shortcode_after_header":"","ocean_has_shortcode":"","ocean_shortcode_after_title":"","ocean_shortcode_before_footer_widgets":"","ocean_shortcode_after_footer_widgets":"","ocean_shortcode_before_footer_bottom":"","ocean_shortcode_after_footer_bottom":"","ocean_display_top_bar":"default","ocean_display_header":"default","ocean_header_style":"","ocean_center_header_left_menu":"0","ocean_custom_header_template":"0","ocean_custom_logo":0,"ocean_custom_retina_logo":0,"ocean_custom_logo_max_width":0,"ocean_custom_logo_tablet_max_width":0,"ocean_custom_logo_mobile_max_width":0,"ocean_custom_logo_max_height":0,"ocean_custom_logo_tablet_max_height":0,"ocean_custom_logo_mobile_max_height":0,"ocean_header_custom_menu":"0","ocean_menu_typo_font_family":"0","ocean_menu_typo_font_subset":"","ocean_menu_typo_font_size":0,"ocean_menu_typo_font_size_tablet":0,"ocean_menu_typo_font_size_mobile":0,"ocean_menu_typo_font_size_unit":"px","ocean_menu_typo_font_weight":"","ocean_menu_typo_font_weight_tablet":"","ocean_menu_typo_font_weight_mobile":"","ocean_menu_typo_transform":"","ocean_menu_typo_transform_tablet":"","ocean_menu_typo_transform_mobile":"","ocean_menu_typo_line_height":0,"ocean_menu_typo_line_height_tablet":0,"ocean_menu_typo_line_height_mobile":0,"ocean_menu_typo_line_height_unit":"","ocean_menu_typo_spacing":0,"ocean_menu_typo_spacing_tablet":0,"ocean_menu_typo_spacing_mobile":0,"ocean_menu_typo_spacing_unit":"","ocean_menu_link_color":"","ocean_menu_link_color_hover":"","ocean_menu_link_color_active":"","ocean_menu_link_background":"","ocean_menu_link_hover_background":"","ocean_menu_link_active_background":"","ocean_menu_social_links_bg":"","ocean_menu_social_hover_links_bg":"","ocean_menu_social_links_color":"","ocean_menu_social_hover_links_color":"","ocean_disable_title":"on","ocean_disable_heading":"default","ocean_post_title":"","ocean_post_subheading":"","ocean_post_title_style":"","ocean_post_title_background_color":"","ocean_post_title_background":0,"ocean_post_title_bg_image_position":"","ocean_post_title_bg_image_attachment":"","ocean_post_title_bg_image_repeat":"","ocean_post_title_bg_image_size":"","ocean_post_title_height":0,"ocean_post_title_bg_overlay":0.5,"ocean_post_title_bg_overlay_color":"","ocean_disable_breadcrumbs":"default","ocean_breadcrumbs_color":"","ocean_breadcrumbs_separator_color":"","ocean_breadcrumbs_links_color":"","ocean_breadcrumbs_links_hover_color":"","ocean_display_footer_widgets":"default","ocean_display_footer_bottom":"default","ocean_custom_footer_template":"0","footnotes":""},"class_list":["post-1312","page","type-page","status-publish","hentry","entry","owp-thumbs-layout-horizontal","owp-btn-normal","owp-tabs-layout-horizontal","has-no-thumbnails","has-product-nav"],"yoast_head":"<!-- This site is optimized with the Yoast SEO plugin v27.4 - https:\/\/yoast.com\/product\/yoast-seo-wordpress\/ -->\n<title>Planning - Hot yoga et pilates<\/title>\n<meta name=\"robots\" content=\"index, follow, max-snippet:-1, max-image-preview:large, max-video-preview:-1\" \/>\n<link rel=\"canonical\" href=\"https:\/\/louyogapilates.re\/?page_id=1312\" \/>\n<meta property=\"og:locale\" content=\"fr_FR\" \/>\n<meta property=\"og:type\" content=\"article\" \/>\n<meta property=\"og:title\" content=\"Planning - Hot yoga et pilates\" \/>\n<meta property=\"og:description\" content=\"T\u00e9l\u00e9chargez l\u2019appli Lou Yoga et Pilates sur votre t\u00e9l\u00e9phone et r\u00e9servez vos cours\" \/>\n<meta property=\"og:url\" content=\"https:\/\/louyogapilates.re\/?page_id=1312\" \/>\n<meta property=\"og:site_name\" content=\"Hot yoga et pilates\" \/>\n<meta property=\"article:publisher\" content=\"http:\/\/www.facebook.com\/yogaandpilatesforeveryone\" \/>\n<meta property=\"article:modified_time\" content=\"2026-04-14T09:59:20+00:00\" \/>\n<meta property=\"og:image\" content=\"https:\/\/louyogapilates.re\/wp-content\/uploads\/2021\/03\/LouYogaPilates.jpg\" \/>\n\t<meta property=\"og:image:width\" content=\"1181\" \/>\n\t<meta property=\"og:image:height\" content=\"900\" \/>\n\t<meta property=\"og:image:type\" content=\"image\/jpeg\" \/>\n<meta name=\"twitter:card\" content=\"summary_large_image\" \/>\n<meta name=\"twitter:label1\" content=\"Dur\u00e9e de lecture estim\u00e9e\" \/>\n\t<meta name=\"twitter:data1\" content=\"2 minutes\" \/>\n<script type=\"application\/ld+json\" class=\"yoast-schema-graph\">{\"@context\":\"https:\\\/\\\/schema.org\",\"@graph\":[{\"@type\":\"WebPage\",\"@id\":\"https:\\\/\\\/louyogapilates.re\\\/?page_id=1312\",\"url\":\"https:\\\/\\\/louyogapilates.re\\\/?page_id=1312\",\"name\":\"Planning - Hot yoga et pilates\",\"isPartOf\":{\"@id\":\"https:\\\/\\\/louyogapilates.re\\\/#website\"},\"datePublished\":\"2021-11-15T14:18:17+00:00\",\"dateModified\":\"2026-04-14T09:59:20+00:00\",\"breadcrumb\":{\"@id\":\"https:\\\/\\\/louyogapilates.re\\\/?page_id=1312#breadcrumb\"},\"inLanguage\":\"fr-FR\",\"potentialAction\":[{\"@type\":\"ReadAction\",\"target\":[\"https:\\\/\\\/louyogapilates.re\\\/?page_id=1312\"]}]},{\"@type\":\"BreadcrumbList\",\"@id\":\"https:\\\/\\\/louyogapilates.re\\\/?page_id=1312#breadcrumb\",\"itemListElement\":[{\"@type\":\"ListItem\",\"position\":1,\"name\":\"Accueil\",\"item\":\"https:\\\/\\\/louyogapilates.re\\\/\"},{\"@type\":\"ListItem\",\"position\":2,\"name\":\"Planning\"}]},{\"@type\":\"WebSite\",\"@id\":\"https:\\\/\\\/louyogapilates.re\\\/#website\",\"url\":\"https:\\\/\\\/louyogapilates.re\\\/\",\"name\":\"Hot yoga et pilates\",\"description\":\"N&#039;attendez plus pour prendre soin de vous\",\"publisher\":{\"@id\":\"https:\\\/\\\/louyogapilates.re\\\/#organization\"},\"potentialAction\":[{\"@type\":\"SearchAction\",\"target\":{\"@type\":\"EntryPoint\",\"urlTemplate\":\"https:\\\/\\\/louyogapilates.re\\\/?s={search_term_string}\"},\"query-input\":{\"@type\":\"PropertyValueSpecification\",\"valueRequired\":true,\"valueName\":\"search_term_string\"}}],\"inLanguage\":\"fr-FR\"},{\"@type\":\"Organization\",\"@id\":\"https:\\\/\\\/louyogapilates.re\\\/#organization\",\"name\":\"LOU YOGA ET PILATES\",\"url\":\"https:\\\/\\\/louyogapilates.re\\\/\",\"logo\":{\"@type\":\"ImageObject\",\"inLanguage\":\"fr-FR\",\"@id\":\"https:\\\/\\\/louyogapilates.re\\\/#\\\/schema\\\/logo\\\/image\\\/\",\"url\":\"https:\\\/\\\/louyogapilates.re\\\/wp-content\\\/uploads\\\/2021\\\/03\\\/LouYogaPilates.jpg\",\"contentUrl\":\"https:\\\/\\\/louyogapilates.re\\\/wp-content\\\/uploads\\\/2021\\\/03\\\/LouYogaPilates.jpg\",\"width\":1181,\"height\":900,\"caption\":\"LOU YOGA ET PILATES\"},\"image\":{\"@id\":\"https:\\\/\\\/louyogapilates.re\\\/#\\\/schema\\\/logo\\\/image\\\/\"},\"sameAs\":[\"http:\\\/\\\/www.facebook.com\\\/yogaandpilatesforeveryone\",\"http:\\\/\\\/www.instagram.com\\\/lou_yogaetpilates\\\/\"]}]}<\/script>\n<!-- \/ Yoast SEO plugin. -->","yoast_head_json":{"title":"Planning - Hot yoga et pilates","robots":{"index":"index","follow":"follow","max-snippet":"max-snippet:-1","max-image-preview":"max-image-preview:large","max-video-preview":"max-video-preview:-1"},"canonical":"https:\/\/louyogapilates.re\/?page_id=1312","og_locale":"fr_FR","og_type":"article","og_title":"Planning - Hot yoga et pilates","og_description":"T\u00e9l\u00e9chargez l\u2019appli Lou Yoga et Pilates sur votre t\u00e9l\u00e9phone et r\u00e9servez vos cours","og_url":"https:\/\/louyogapilates.re\/?page_id=1312","og_site_name":"Hot yoga et pilates","article_publisher":"http:\/\/www.facebook.com\/yogaandpilatesforeveryone","article_modified_time":"2026-04-14T09:59:20+00:00","og_image":[{"width":1181,"height":900,"url":"https:\/\/louyogapilates.re\/wp-content\/uploads\/2021\/03\/LouYogaPilates.jpg","type":"image\/jpeg"}],"twitter_card":"summary_large_image","twitter_misc":{"Dur\u00e9e de lecture estim\u00e9e":"2 minutes"},"schema":{"@context":"https:\/\/schema.org","@graph":[{"@type":"WebPage","@id":"https:\/\/louyogapilates.re\/?page_id=1312","url":"https:\/\/louyogapilates.re\/?page_id=1312","name":"Planning - Hot yoga et pilates","isPartOf":{"@id":"https:\/\/louyogapilates.re\/#website"},"datePublished":"2021-11-15T14:18:17+00:00","dateModified":"2026-04-14T09:59:20+00:00","breadcrumb":{"@id":"https:\/\/louyogapilates.re\/?page_id=1312#breadcrumb"},"inLanguage":"fr-FR","potentialAction":[{"@type":"ReadAction","target":["https:\/\/louyogapilates.re\/?page_id=1312"]}]},{"@type":"BreadcrumbList","@id":"https:\/\/louyogapilates.re\/?page_id=1312#breadcrumb","itemListElement":[{"@type":"ListItem","position":1,"name":"Accueil","item":"https:\/\/louyogapilates.re\/"},{"@type":"ListItem","position":2,"name":"Planning"}]},{"@type":"WebSite","@id":"https:\/\/louyogapilates.re\/#website","url":"https:\/\/louyogapilates.re\/","name":"Hot yoga et pilates","description":"N&#039;attendez plus pour prendre soin de vous","publisher":{"@id":"https:\/\/louyogapilates.re\/#organization"},"potentialAction":[{"@type":"SearchAction","target":{"@type":"EntryPoint","urlTemplate":"https:\/\/louyogapilates.re\/?s={search_term_string}"},"query-input":{"@type":"PropertyValueSpecification","valueRequired":true,"valueName":"search_term_string"}}],"inLanguage":"fr-FR"},{"@type":"Organization","@id":"https:\/\/louyogapilates.re\/#organization","name":"LOU YOGA ET PILATES","url":"https:\/\/louyogapilates.re\/","logo":{"@type":"ImageObject","inLanguage":"fr-FR","@id":"https:\/\/louyogapilates.re\/#\/schema\/logo\/image\/","url":"https:\/\/louyogapilates.re\/wp-content\/uploads\/2021\/03\/LouYogaPilates.jpg","contentUrl":"https:\/\/louyogapilates.re\/wp-content\/uploads\/2021\/03\/LouYogaPilates.jpg","width":1181,"height":900,"caption":"LOU YOGA ET PILATES"},"image":{"@id":"https:\/\/louyogapilates.re\/#\/schema\/logo\/image\/"},"sameAs":["http:\/\/www.facebook.com\/yogaandpilatesforeveryone","http:\/\/www.instagram.com\/lou_yogaetpilates\/"]}]}},"jetpack_sharing_enabled":true,"_links":{"self":[{"href":"https:\/\/louyogapilates.re\/index.php?rest_route=\/wp\/v2\/pages\/1312","targetHints":{"allow":["GET"]}}],"collection":[{"href":"https:\/\/louyogapilates.re\/index.php?rest_route=\/wp\/v2\/pages"}],"about":[{"href":"https:\/\/louyogapilates.re\/index.php?rest_route=\/wp\/v2\/types\/page"}],"author":[{"embeddable":true,"href":"https:\/\/louyogapilates.re\/index.php?rest_route=\/wp\/v2\/users\/1"}],"replies":[{"embeddable":true,"href":"https:\/\/louyogapilates.re\/index.php?rest_route=%2Fwp%2Fv2%2Fcomments&post=1312"}],"version-history":[{"count":29,"href":"https:\/\/louyogapilates.re\/index.php?rest_route=\/wp\/v2\/pages\/1312\/revisions"}],"predecessor-version":[{"id":2017,"href":"https:\/\/louyogapilates.re\/index.php?rest_route=\/wp\/v2\/pages\/1312\/revisions\/2017"}],"wp:attachment":[{"href":"https:\/\/louyogapilates.re\/index.php?rest_route=%2Fwp%2Fv2%2Fmedia&parent=1312"}],"curies":[{"name":"wp","href":"https:\/\/api.w.org\/{rel}","templated":true}]}}